{"id":19,"date":"2022-12-21T19:58:30","date_gmt":"2022-12-21T22:58:30","guid":{"rendered":"https:\/\/elbohio.enlacetres.com\/?page_id=19"},"modified":"2022-12-26T21:01:16","modified_gmt":"2022-12-27T00:01:16","slug":"tratamiento","status":"publish","type":"page","link":"https:\/\/elbohio.enlacetres.com\/index.php\/tratamiento\/","title":{"rendered":"Tratamiento"},"content":{"rendered":"\t\t<div data-elementor-type=\"wp-page\" data-elementor-id=\"19\" class=\"elementor elementor-19\">\n\t\t\t\t\t\t\t\t\t<section class=\"elementor-section elementor-top-section elementor-element elementor-element-214800e elementor-section-boxed elementor-section-height-default elementor-section-height-default wpr-particle-no wpr-jarallax-no wpr-parallax-no wpr-sticky-section-no\" data-id=\"214800e\" data-element_type=\"section\">\n\t\t\t\t\t\t<div class=\"elementor-container elementor-column-gap-default\">\n\t\t\t\t\t<div class=\"elementor-column elementor-col-100 elementor-top-column elementor-element elementor-element-8e6f1b2\" data-id=\"8e6f1b2\" data-element_type=\"column\" data-settings=\"{&quot;background_background&quot;:&quot;classic&quot;}\">\n\t\t\t<div class=\"elementor-widget-wrap elementor-element-populated\">\n\t\t\t\t\t\t\t\t<div class=\"elementor-element elementor-element-55a95d5 elementor-widget elementor-widget-text-editor\" data-id=\"55a95d5\" data-element_type=\"widget\" data-widget_type=\"text-editor.default\">\n\t\t\t\t<div class=\"elementor-widget-container\">\n\t\t\t<style>\/*! elementor - v3.9.2 - 21-12-2022 *\/\n.elementor-widget-text-editor.elementor-drop-cap-view-stacked .elementor-drop-cap{background-color:#818a91;color:#fff}.elementor-widget-text-editor.elementor-drop-cap-view-framed .elementor-drop-cap{color:#818a91;border:3px solid;background-color:transparent}.elementor-widget-text-editor:not(.elementor-drop-cap-view-default) .elementor-drop-cap{margin-top:8px}.elementor-widget-text-editor:not(.elementor-drop-cap-view-default) .elementor-drop-cap-letter{width:1em;height:1em}.elementor-widget-text-editor .elementor-drop-cap{float:left;text-align:center;line-height:1;font-size:50px}.elementor-widget-text-editor .elementor-drop-cap-letter{display:inline-block}<\/style>\t\t\t\t<p>Desde la primera consulta, se inicia un proceso de evaluaci\u00f3n y diagn\u00f3stico efectuado por un equipo interdisciplinario que incluye los aspectos psicol\u00f3gicos, psiqui\u00e1tricos, cl\u00ednicos, de funci\u00f3n y disfunci\u00f3n ocupacional, familiar y psicosocial. A partir de ello, se dise\u00f1a el plan de tratamiento y la modalidad de atenci\u00f3n que el paciente utilizar\u00e1.<\/p>\t\t\t\t\t\t<\/div>\n\t\t\t\t<\/div>\n\t\t\t\t<div class=\"elementor-element elementor-element-6dcbcee elementor-widget elementor-widget-heading\" data-id=\"6dcbcee\" data-element_type=\"widget\" data-widget_type=\"heading.default\">\n\t\t\t\t<div class=\"elementor-widget-container\">\n\t\t\t<style>\/*! elementor - v3.9.2 - 21-12-2022 *\/\n.elementor-heading-title{padding:0;margin:0;line-height:1}.elementor-widget-heading .elementor-heading-title[class*=elementor-size-]>a{color:inherit;font-size:inherit;line-height:inherit}.elementor-widget-heading .elementor-heading-title.elementor-size-small{font-size:15px}.elementor-widget-heading .elementor-heading-title.elementor-size-medium{font-size:19px}.elementor-widget-heading .elementor-heading-title.elementor-size-large{font-size:29px}.elementor-widget-heading .elementor-heading-title.elementor-size-xl{font-size:39px}.elementor-widget-heading .elementor-heading-title.elementor-size-xxl{font-size:59px}<\/style><h2 class=\"elementor-heading-title elementor-size-default\">Modalidades de Atenci\u00f3n\n<\/h2>\t\t<\/div>\n\t\t\t\t<\/div>\n\t\t\t\t<div class=\"elementor-element elementor-element-2006aae elementor-widget elementor-widget-text-editor\" data-id=\"2006aae\" data-element_type=\"widget\" data-widget_type=\"text-editor.default\">\n\t\t\t\t<div class=\"elementor-widget-container\">\n\t\t\t\t\t\t\t<p><span style=\"color: #4f177d;\"><strong><span class=\"subtitulo_secciones\">Consultorios externos<\/span><\/strong><\/span><br \/>Los tratamientos en esta modalidad son dise\u00f1ados y planificados seg\u00fan el diagn\u00f3stico y la necesidad de cada paciente, abordado por un equipo multidisciplinario integrado por los profesionales que cada caso requiera.<br \/>\u2022 Atenci\u00f3n psiqui\u00e1trica<br \/>\u2022 Atenci\u00f3n psicol\u00f3gica<br \/>\u2022 Musicoterapia individual y\/o grupal (ni\u00f1os y adultos)<br \/>\u2022 Nutricionista<br \/>\u2022 Asesoramiento y atenci\u00f3n familiar<br \/>\u2022 Coaching ontol\u00f3gico<br \/><br \/><span style=\"color: #4f177d;\"><strong class=\"subtitulo_secciones\">Tratamiento para adicciones en Centro de D\u00eda:<\/strong><\/span><br \/>Las personas asistidas por un programa asistencial dentro del Hospital de d\u00eda, cumplen un rol activo en su proceso de recuperaci\u00f3n. Acompa\u00f1ados de profesionales quienes realizan un enfoque interdisciplinario de su problem\u00e1tica, en un ambiente terap\u00e9utico educativo, experimenta un proceso vivencial de modificaci\u00f3n del estilo de vida. El Hospital de d\u00eda, se propone alcanzar:<br \/>\u2022 Abstinencia de las sustancias.<br \/>\u2022 Lograr estabilizar la disfunci\u00f3n familiar.<br \/>\u2022 Adquirir los conocimientos y recursos durante el transcurso del tratamiento que le permitir\u00e1n interactuar en el \u00e1rea laboral, ocupacional y social. (dec\u00eda reinsertarse en el area\u2026)<br \/>Estos objetivos son propuestos en un marco patri\u00f3tico como base para sostener un marco de creencias y valores, que le permiten al individuo asentarse en la identidad, como un ser creado y amado, con prop\u00f3sito en este mundo y en la tierra que habita.<br \/><br \/><span style=\"color: #4f177d;\"><strong class=\"subtitulo_secciones\">Centro de d\u00eda de media jornada<\/strong><\/span><br \/>Es el utilizado por usuarios que no tienen un alto grado de consumo y que su situaci\u00f3n familiar, ocupacional y social, le permite solo una jornada parcial de tratamiento.<br \/><strong><br \/><span class=\"subtitulo_secciones\" style=\"color: #4f177d;\">Ambulatorio<\/span><\/strong><br \/>Para pacientes que sostienen una red laboral y familiar y necesitan tratamiento sin interrumpir las actividades que llevan adelante. Es la modalidad m\u00e1s recomendada para profesionales, padres o madres de familias, usuarios con diversas ocupaciones.<\/p>\t\t\t\t\t\t<\/div>\n\t\t\t\t<\/div>\n\t\t\t\t<div class=\"elementor-element elementor-element-fa7177b elementor-widget elementor-widget-heading\" data-id=\"fa7177b\" data-element_type=\"widget\" data-widget_type=\"heading.default\">\n\t\t\t\t<div class=\"elementor-widget-container\">\n\t\t\t<h2 class=\"elementor-heading-title elementor-size-default\">Etapas de Tratamiento\n<\/h2>\t\t<\/div>\n\t\t\t\t<\/div>\n\t\t\t\t<div class=\"elementor-element elementor-element-e367598 elementor-widget elementor-widget-text-editor\" data-id=\"e367598\" data-element_type=\"widget\" data-widget_type=\"text-editor.default\">\n\t\t\t\t<div class=\"elementor-widget-container\">\n\t\t\t\t\t\t\t<p><span style=\"color: #4f177d;\"><strong><span class=\"subtitulo_secciones\">FASE A. Etapa de admisi\u00f3n y orientaci\u00f3n<\/span><\/strong><\/span><br \/>Esta primera etapa se inicia, si el caso as\u00ed lo permite, en forma ambulatoria. La admisi\u00f3n aspira a promover un proceso motivacional que permite adquirir conciencia de enfermedad, generando motivaciones suficientes para consolidar el cambio en el estilo de vida que incorpore o restituya los valores \u00e9ticos b\u00e1sicos.<br \/>Los objetivos de esta fase son:<br \/>Captaci\u00f3n y construcci\u00f3n de la demanda propia de tratamiento.<br \/>Interrupci\u00f3n de rutinas diarias asociadas al consumo.<br \/>Construcci\u00f3n de un diagnostico presuntivo.<br \/>Familiarizaci\u00f3n con sus pares y autoridades.<br \/>Construcci\u00f3n de su propia gu\u00eda de tratamiento.<br \/><br \/><span class=\"subtitulo_secciones\" style=\"color: #4f177d;\"><strong>FASE B. Etapa de comunidad terap\u00e9utica<\/strong><\/span><br \/>Es la etapa de mayor permanencia en la comunidad terap\u00e9utica. Un clima grupal contenedor le permitir\u00e1 al residente enfrentar una tarea introspectiva de alto contenido emocional vinculado con su historia personal.<br \/>Los objetivos de esta fase son:<br \/>Desarrollo motivacional del cambio.<br \/>Focalizaci\u00f3n del problema en el aqu\u00ed y ahora.<br \/>Desfocalizaci\u00f3n del conflicto del consumo para focalizar el conflicto en uno mismo.<br \/>Recomposici\u00f3n del estado cl\u00ednico.<br \/>Recomposici\u00f3n del estado ps\u00edquico.<br \/>Inicio de la pr\u00e1ctica de roles sociales.<br \/>Asimilaci\u00f3n de las practica de roles sociales.<br \/>Asimilaci\u00f3n de valores sociales y comunitarios.<br \/><br \/><span class=\"subtitulo_secciones\" style=\"color: #4f177d;\"><strong>FASE C. Etapa de reinserci\u00f3n<\/strong><\/span><br \/>En esta instancia comienza a articularse la progresiva autonom\u00eda personal .<br \/>Los objetivos base de esta fase son:<br \/>Elecci\u00f3n y construcci\u00f3n de un proyecto de vida.<br \/>Desarrollo de la capacidad cr\u00edtica.<br \/>Ensayo de nuevos v\u00ednculos.<br \/>Integraci\u00f3n de un nuevo proyecto de reinserci\u00f3n en el ambiente familiar, laboral \u2013 ocupacional en general con el ambiente socio \u2013 cultural extendido.<br \/>Puesta en movimiento de la nueva red de v\u00ednculos e intereses.<br \/>Fortalecimiento de la auto gesti\u00f3n.<br \/>Progresiva independencia de estructura terap\u00e9utica de la instituci\u00f3n.<br \/>Inicio de una nueva alternativa terap\u00e9utica fuera de la instituci\u00f3n.<br \/>Alta terap\u00e9utica.<br \/><br \/><span class=\"subtitulo_secciones\" style=\"color: #4f177d;\"><strong>FASE D. Criterio de Alta Terap\u00e9utica<\/strong><\/span><br \/>Los criterios de la alta terap\u00e9utica est\u00e1n dados por el sostenimiento y estabilidad de los objetivos referenciales del \u00e1rea social, familiar y ocupacional.<br \/>Puesta en movimiento de una nueva red de v\u00ednculos e intereses sanos en el ambiente sociocultural extendido.<br \/>Desarrollo en el \u00e1rea ocupacional.<br \/>Esclarecimiento y aceptaci\u00f3n de los v\u00ednculos del grupo familiar.<br \/>Sostenimiento de un v\u00ednculo terap\u00e9utico externo.<br \/>Lograr identificar y prevenir situaciones o conductas de riesgo.<\/p>\t\t\t\t\t\t<\/div>\n\t\t\t\t<\/div>\n\t\t\t\t<div class=\"elementor-element elementor-element-4cd7b7b elementor-widget elementor-widget-heading\" data-id=\"4cd7b7b\" data-element_type=\"widget\" data-widget_type=\"heading.default\">\n\t\t\t\t<div class=\"elementor-widget-container\">\n\t\t\t<h2 class=\"elementor-heading-title elementor-size-default\">Recursos Terap\u00e9uticos\n<\/h2>\t\t<\/div>\n\t\t\t\t<\/div>\n\t\t\t\t<div class=\"elementor-element elementor-element-f7637fb elementor-widget elementor-widget-text-editor\" data-id=\"f7637fb\" data-element_type=\"widget\" data-widget_type=\"text-editor.default\">\n\t\t\t\t<div class=\"elementor-widget-container\">\n\t\t\t\t\t\t\t<p>\u2022 Grupo terap\u00e9utico, semanal.<br \/>\u2022 Grupos de encuentro, dos diarios.<br \/>\u2022 Grupo de fase, semanal correspondiente a cada fase.<br \/>\u2022 M\u00fasicoterapia, semanal.<br \/>\u2022 Psicoterapia individual, semanal.<br \/>\u2022 Multifamiliar<br \/>\u2022 Unifamiliar, de acuerdo al requerimiento del caso<br \/>\u2022 Psicodrama<br \/>\u2022 Seguimiento m\u00e9dico psiqui\u00e1trico, semanal.<br \/>\u2022 Seguimiento m\u00e9dico cl\u00ednico, semanal.<br \/>\u2022 Grupos para fam\u00edlias, semanal.<br \/>\u2022 Seguimiento educativo (Salud; Droga; VIH; Alcohol; etc.) semanal.<br \/>\u2022 Acompa\u00f1amiento pautado (terapia de entorno)<br \/>\u2022 Grupo espiritual (optativo) Taller de danzas folcl\u00f3ricas.<br \/>\u2022 Semanal. Educaci\u00f3n f\u00edsica, (de dos a tres veces por semana)<\/p>\t\t\t\t\t\t<\/div>\n\t\t\t\t<\/div>\n\t\t\t\t\t<\/div>\n\t\t<\/div>\n\t\t\t\t\t\t\t<\/div>\n\t\t<\/section>\n\t\t\t\t\t\t\t<\/div>\n\t\t","protected":false},"excerpt":{"rendered":"<p>Desde la primera consulta, se inicia un proceso de evaluaci\u00f3n y diagn\u00f3stico efectuado por un equipo interdisciplinario que incluye los aspectos psicol\u00f3gicos, psiqui\u00e1tricos, cl\u00ednicos, de funci\u00f3n y disfunci\u00f3n ocupacional, familiar y psicosocial. A partir de ello, se dise\u00f1a el plan de tratamiento y la modalidad de atenci\u00f3n que el paciente utilizar\u00e1. Modalidades de Atenci\u00f3n Consultorios&hellip; <a class=\"more-link\" href=\"https:\/\/elbohio.enlacetres.com\/index.php\/tratamiento\/\">Segu\u00ed leyendo <span class=\"screen-reader-text\">Tratamiento<\/span><\/a><\/p>\n","protected":false},"author":1,"featured_media":0,"parent":0,"menu_order":0,"comment_status":"closed","ping_status":"closed","template":"elementor_header_footer","meta":{"_joinchat":[],"footnotes":""},"class_list":["post-19","page","type-page","status-publish","hentry","entry"],"_links":{"self":[{"href":"https:\/\/elbohio.enlacetres.com\/index.php\/wp-json\/wp\/v2\/pages\/19","targetHints":{"allow":["GET"]}}],"collection":[{"href":"https:\/\/elbohio.enlacetres.com\/index.php\/wp-json\/wp\/v2\/pages"}],"about":[{"href":"https:\/\/elbohio.enlacetres.com\/index.php\/wp-json\/wp\/v2\/types\/page"}],"author":[{"embeddable":true,"href":"https:\/\/elbohio.enlacetres.com\/index.php\/wp-json\/wp\/v2\/users\/1"}],"replies":[{"embeddable":true,"href":"https:\/\/elbohio.enlacetres.com\/index.php\/wp-json\/wp\/v2\/comments?post=19"}],"version-history":[{"count":7,"href":"https:\/\/elbohio.enlacetres.com\/index.php\/wp-json\/wp\/v2\/pages\/19\/revisions"}],"predecessor-version":[{"id":114,"href":"https:\/\/elbohio.enlacetres.com\/index.php\/wp-json\/wp\/v2\/pages\/19\/revisions\/114"}],"wp:attachment":[{"href":"https:\/\/elbohio.enlacetres.com\/index.php\/wp-json\/wp\/v2\/media?parent=19"}],"curies":[{"name":"wp","href":"https:\/\/api.w.org\/{rel}","templated":true}]}}