{"id":362,"date":"2023-01-04T10:33:02","date_gmt":"2023-01-04T13:33:02","guid":{"rendered":"https:\/\/elbohio.enlacetres.com\/?page_id=362"},"modified":"2023-01-04T11:52:30","modified_gmt":"2023-01-04T14:52:30","slug":"blog","status":"publish","type":"page","link":"https:\/\/elbohio.enlacetres.com\/index.php\/blog\/","title":{"rendered":"Blog"},"content":{"rendered":"\t\t<div data-elementor-type=\"wp-page\" data-elementor-id=\"362\" class=\"elementor elementor-362\">\n\t\t\t\t\t\t\t\t\t<section class=\"elementor-section elementor-top-section elementor-element elementor-element-f3e7fe8 elementor-section-boxed elementor-section-height-default elementor-section-height-default wpr-particle-no wpr-jarallax-no wpr-parallax-no wpr-sticky-section-no\" data-id=\"f3e7fe8\" data-element_type=\"section\">\n\t\t\t\t\t\t<div class=\"elementor-container elementor-column-gap-default\">\n\t\t\t\t\t<div class=\"elementor-column elementor-col-100 elementor-top-column elementor-element elementor-element-b72cd06\" data-id=\"b72cd06\" data-element_type=\"column\">\n\t\t\t<div class=\"elementor-widget-wrap elementor-element-populated\">\n\t\t\t\t\t\t\t\t<div class=\"elementor-element elementor-element-472951b elementor-widget elementor-widget-text-editor\" data-id=\"472951b\" data-element_type=\"widget\" data-widget_type=\"text-editor.default\">\n\t\t\t\t<div class=\"elementor-widget-container\">\n\t\t\t<style>\/*! elementor - v3.9.2 - 21-12-2022 *\/\n.elementor-widget-text-editor.elementor-drop-cap-view-stacked .elementor-drop-cap{background-color:#818a91;color:#fff}.elementor-widget-text-editor.elementor-drop-cap-view-framed .elementor-drop-cap{color:#818a91;border:3px solid;background-color:transparent}.elementor-widget-text-editor:not(.elementor-drop-cap-view-default) .elementor-drop-cap{margin-top:8px}.elementor-widget-text-editor:not(.elementor-drop-cap-view-default) .elementor-drop-cap-letter{width:1em;height:1em}.elementor-widget-text-editor .elementor-drop-cap{float:left;text-align:center;line-height:1;font-size:50px}.elementor-widget-text-editor .elementor-drop-cap-letter{display:inline-block}<\/style>\t\t\t\t<h5><span style=\"color: #4f177d;\"><strong>LAS DROGAS Y LA ADICCI\u00d3N<\/strong><\/span><\/h5><p>\u00bfQu\u00e9 son las drogas?<br \/>\u00bfQu\u00e9 son las drogas adictivas?<br \/>\u00bfQu\u00e9 es la adicci\u00f3n?<br \/>\u00bfSe puede consumir droga de vez en cuando y no convertirse en un adicto?<br \/>\u00bfCu\u00e1les son las principales consecuencias de las adicciones?<br \/>\u00bfLas adicciones son enfermedades?<br \/>\u00bfSe pueden prevenir las adicciones?<br \/>\u00bfQu\u00e9 problemas adictivos son m\u00e1s frecuentes hoy en d\u00eda?<br \/>\u00bfPor qu\u00e9 se cae en esa dependencia?\u00bfCu\u00e1l es la causa?<\/p><p>\u00a0<\/p><p><span style=\"color: #4f177d;\"><strong><a id=\"1b\" style=\"color: #4f177d;\" name=\"1b\"><\/a>\u00bfQu\u00e9 son las drogas?<\/strong><\/span><br \/>Las drogas son sustancias qu\u00edmicas, naturales o sint\u00e9ticas, que cambian el funcionamiento del cuerpo. Las llamadas drogas psicoactivas (alcohol, marihuana, coca\u00edna, medicinas tranquilizantes, etc.) cambian la manera de pensar, sentir y actuar y pueden causar adicci\u00f3n.<br \/>Algunas son medicamentos \u00fatiles si las receta el m\u00e9dico (como las pastillas para curar la depresi\u00f3n o aliviar el \u201cnerviosismo\u201d).<br \/>El alcohol, la nicotina del cigarro, la cafe\u00edna del caf\u00e9 tambi\u00e9n son drogas. Y, por supuesto, todas las medicinas son drogas (cambian e funcionamiento del cuerpo).<br \/>Muchas drogas son legales; su producci\u00f3n, venta y consumo est\u00e1n prohibidos por que son sustancias que hace da\u00f1o.<\/p><p>\u00a0<\/p><p><span style=\"color: #4f177d;\"><strong><a id=\"1c\" style=\"color: #4f177d;\" name=\"1c\"><\/a>\u00bfCu\u00e1les son las drogas adictivas?<\/strong><\/span><br \/>Son sustancias legales (alcohol, nicotina, medicinas, tranquilizaste, etc.) o ilegales (marihuana, coca\u00edna, \u201ctacha\u201d, etc.) que pueden provocar adicci\u00f3n.<\/p><p>\u00a0<\/p><p><strong><a id=\"1d\" name=\"1d\"><\/a><span style=\"color: #4f177d;\">\u00bfQu\u00e9 es la adicci\u00f3n?<\/span><\/strong><br \/>La adicci\u00f3n es una enfermedad primaria, cr\u00f3nica con factores gen\u00e9ticos, psicosociales y ambientales que influencian su desarrollo y manifestaciones. La enfermedad es frecuentemente progresiva y fatal. Es caracterizada por episodios continuos o peri\u00f3dicos de: descontrol sobre el uso, uso a pesar de consecuencias adversas, y distorsiones del pensamiento, m\u00e1s notablemente negaci\u00f3n.<br \/>Enfermedad significa una discapacidad involuntaria. Representa la suma de fen\u00f3menos anormales que se presentan en un grupo de individuos.<br \/>Estos fen\u00f3menos est\u00e1n asociados con un conjunto espec\u00edfico de caracter\u00edsticas comunes, por lo que estos individuos difieren de la norma, y que los coloca en desventaja. Frecuentemente progresiva y fatal significa que la enfermedad persiste a lo largo del tiempo y que los cambios f\u00edsicos, emocionales y sociales son frecuentemente acumulativos y progresan mientras el uso contin\u00faa. La adicci\u00f3n causa muerte prematura a trav\u00e9s de sobredosis, complicaciones org\u00e1nicas que involucran al cerebro, h\u00edgado, coraz\u00f3n, y otros \u00f3rganos, dependiendo del tipo de adicci\u00f3n; y contribuye a la ocurrencia de suicidios, homicidios, violencia, maltrato, violaci\u00f3n y abuso sexual, accidentes y otros eventos traum\u00e1ticos interpersonales y\/o familiares. Descontrol se refiere a la inhabilidad para limitar el uso, la duraci\u00f3n del episodio de uso, la intensidad del uso y las consecuencias conductuales del uso.<br \/>Preocupaci\u00f3n asociada con el uso se refiere a la inversi\u00f3n excesiva de atenci\u00f3n hacia el uso, el sustrato del uso, los efectos del uso, las situaciones relacionadas con el uso; lo cual significa una gran inversi\u00f3n de energ\u00eda y tiempo en las actividades adictivas, traduci\u00e9ndose en un relativo descuido de los intereses importantes de la vida diaria.<\/p><p>\u00a0<\/p><p><strong><a id=\"1e\" name=\"1e\"><\/a><span style=\"color: #4f177d;\">\u00bfSe puede consumir una droga de vez en cuando y no convertirse en adicto?<\/span><\/strong><br \/>Existen riesgos, a veces graves, desde la primera vez que se consume una droga adictiva (ataque al coraz\u00f3n, convulsiones, p\u00e1nico, etc.).<br \/>Aun cuando de vez en cuando no siempre se termina en adicci\u00f3n, a la adicci\u00f3n siempre empieza con el consumo. Hay algunas drogas como la coca\u00edna que provocan dependencia muy r\u00e1pidamente (algunas personas desarrollan adicci\u00f3n a esta droga al consumirla solo tres o cuatro veces).<\/p><p>\u00a0<\/p><p><strong><a id=\"1f\" name=\"1f\"><\/a><span style=\"color: #4f177d;\">\u00bfCu\u00e1les son las principales consecuencias de las adicciones?<\/span><\/strong><br \/>Las consecuencias adversas son problemas relacionados con el uso que llevan a impedimentos en las \u00e1reas de: salud f\u00edsica, funcionamiento psicol\u00f3gico, funcionamiento interpersonal, funcionamiento ocupacional; y problemas legales, financieros y espirituales.<br \/>La negaci\u00f3n es usada aqu\u00ed, no s\u00f3lo en el sentido psicoanal\u00edtico de un simple mecanismo de defensa que descalifica el significado de los eventos, sino m\u00e1s ampliamente incluyendo un amplio rango de maniobras psicol\u00f3gicas dise\u00f1adas para reducir la conciencia del hecho de que el uso es la causa de los problemas del individuo, m\u00e1s que una soluci\u00f3n a estos problemas. La negaci\u00f3n se convierte en una parte integral de la enfermedad y un obst\u00e1culo importante para la recuperaci\u00f3n.<\/p><p>\u00a0<\/p><p><strong><a id=\"1g\" name=\"1g\"><\/a><span style=\"color: #4f177d;\">\u00bfLas adicciones son enfermedades?<\/span><\/strong><br \/>La adicci\u00f3n no es un vicio o mala costumbre, es una enfermedad cuya base fisiol\u00f3gica se encuentra en las alteraciones que se producen en el funcionamiento de ciertas estructuras del cerebro humano. Alteraciones que no se producen en todas las personas que experimentas la droga, sino en quienes tienen una cierta predisposici\u00f3n neurol\u00f3gica para ello. A quien no le funciona muy bien el p\u00e1ncreas, tiene m\u00e1s probabilidades de hacer una diabetes y quien tiene esta susceptibilidad neurol\u00f3gica, si empieza a consumir sustancias adictivas como alcohol, coca\u00edna, cannabis, tranquilizantes, hero\u00edna, etc., desarrollar\u00e1 una adicci\u00f3n. Naturalmente. La adicci\u00f3n es una enfermedad en el m\u00e1s amplio sentido de la palabra. Tiene una base neuropsicol\u00f3gica clara. Por eso abordamos el tratamiento de nuestros pacientes desde un prisma m\u00e9dico y psicol\u00f3gico, sin perder de vista la carga personal, familiar y social que esta enfermedad conlleva.<br \/>Otras personas inician tambi\u00e9n el consumo, pero si no hay esa susceptibilidad en las \u00e1reas dopamin\u00e9rgicas del cerebro, no desarrollar\u00e1 la enfermedad de adicci\u00f3n. Consumir\u00e1 y cuando quiera dejarlo lo dejar\u00e1 sin grandes problemas. Por el contrario, quien desarrolla una adicci\u00f3n, aunque quiera dejarlo, no podr\u00e1 conseguirlo sin un tratamiento adecuado. Pensar que no son enfermedades es la causa de que se pierda un tiempo precioso para el tratamiento de los pacientes. Sin tratamiento, la enfermedad y los problemas que genera se complican m\u00e1s y m\u00e1s. A veces s\u00f3lo al final, ante la desesperaci\u00f3n absoluta, se buscan soluciones; otras veces simple y llanamente no se llega a tiempo.<\/p><p>\u00a0<\/p><p><span style=\"color: #4f177d;\"><strong>\u00bfSe pueden prevenir las adicciones?<\/strong><\/span><br \/>Habr\u00eda que decir que s\u00ed y que no. S\u00ed en la medida en que se puede prevenir el inicio del consumo de sustancias adictivas y hay medidas que pueden ser eficaces en este campo. No se pueden prevenir en el sentido de que si una persona tiene la predisposici\u00f3n neurol\u00f3gica de la que hablamos y entra en contacto con las sustancias que inician ese proceso de modificaci\u00f3n neurol\u00f3gica, seguramente nada podr\u00e1 impedir que termine desarrollando una enfermedad de adicci\u00f3n.<br \/>Preventivas ser\u00e1n aquellas medidas que favorezcan y promuevan que muchas personas no empiecen a consumir sustancias adictivas ya sean legales o ilegales. Una vez que el consumo se inicia, podr\u00edamos decir que la persona est\u00e1 ya en manos de la predisposici\u00f3n de su cerebro.<\/p><p>\u00a0<\/p><p><strong><a id=\"1i\" name=\"1i\"><\/a><span style=\"color: #4f177d;\">\u00bfQu\u00e9 problemas adictivos son los m\u00e1s frecuentes hoy en d\u00eda?<\/span><\/strong><br \/>Dejando aparte el tabaco, la dependencia m\u00e1s frecuente es el alcoholismo seguida de la dependencia de drogas ilegales: cannabis, coca\u00edna y hero\u00edna. Lo que s\u00ed es muy frecuente, cada vez m\u00e1s, es que el consumo de varias sustancias se asocie en la misma persona. La dependencia asociada de coca\u00edna y alcohol es muy frecuente entre nuestros pacientes, tambi\u00e9n lo es la dependencia alcoh\u00f3lica asociada al consumo de f\u00e1rmacos tranquilizantes, sobre todo en mujeres. La dependencia al cannabis es muy frecuente y tambi\u00e9n suele asociarse al consumo de coca\u00edna, alcohol u otras sustancias.<\/p><p>\u00a0<\/p><p><strong><a id=\"1j\" name=\"1j\"><\/a><span style=\"color: #4f177d;\">\u00bfPor qu\u00e9 se cae en esa dependencia? \u00bfCu\u00e1l suele ser la causa?<\/span><\/strong><br \/>La adicci\u00f3n es una enfermedad que se reparte de forma absolutamente homog\u00e9nea en todas las clases sociales, niveles de renta y niveles culturales. Tampoco depende de variables psicol\u00f3gicas o intelectuales. El deterioro que en muchos casos vemos en pacientes drogodependientes no es la causa de la enfermedad, sino el efecto de la misma.<br \/>No se \u201ccae\u201d en la adicci\u00f3n como no se cae en una gripe, un infarto o una diabetes. Son enfermedades que se desarrollan dependiendo de un estilo de vida y una predisposici\u00f3n del individuo que las desarrolla. En el caso de la dependencia es igual. A una predisposici\u00f3n neurol\u00f3gica se suma una exposici\u00f3n a la sustancia y se desarrolla una dependencia, eso es todo. El incremento tan importante en las \u00faltimas d\u00e9cadas del n\u00famero de pacientes dependientes de sustancias s\u00f3lo es reflejo de que estas sustancias est\u00e1n por todas partes y las personas, y especialmente los j\u00f3venes, tienen mayor facilidad de acceso al consumo de las mismas.<\/p>\t\t\t\t\t\t<\/div>\n\t\t\t\t<\/div>\n\t\t\t\t\t<\/div>\n\t\t<\/div>\n\t\t\t\t\t\t\t<\/div>\n\t\t<\/section>\n\t\t\t\t<section class=\"elementor-section elementor-top-section elementor-element elementor-element-bd93544 elementor-section-boxed elementor-section-height-default elementor-section-height-default wpr-particle-no wpr-jarallax-no wpr-parallax-no wpr-sticky-section-no\" data-id=\"bd93544\" data-element_type=\"section\">\n\t\t\t\t\t\t<div class=\"elementor-container elementor-column-gap-default\">\n\t\t\t\t\t<div class=\"elementor-column elementor-col-100 elementor-top-column elementor-element elementor-element-30650f4\" data-id=\"30650f4\" data-element_type=\"column\">\n\t\t\t<div class=\"elementor-widget-wrap elementor-element-populated\">\n\t\t\t\t\t\t\t\t<div class=\"elementor-element elementor-element-d3fe48e elementor-widget-divider--view-line_icon elementor-view-default elementor-widget-divider--element-align-center elementor-widget elementor-widget-divider\" data-id=\"d3fe48e\" data-element_type=\"widget\" data-widget_type=\"divider.default\">\n\t\t\t\t<div class=\"elementor-widget-container\">\n\t\t\t<style>\/*! elementor - v3.9.2 - 21-12-2022 *\/\n.elementor-widget-divider{--divider-border-style:none;--divider-border-width:1px;--divider-color:#2c2c2c;--divider-icon-size:20px;--divider-element-spacing:10px;--divider-pattern-height:24px;--divider-pattern-size:20px;--divider-pattern-url:none;--divider-pattern-repeat:repeat-x}.elementor-widget-divider .elementor-divider{display:flex}.elementor-widget-divider .elementor-divider__text{font-size:15px;line-height:1;max-width:95%}.elementor-widget-divider .elementor-divider__element{margin:0 var(--divider-element-spacing);flex-shrink:0}.elementor-widget-divider .elementor-icon{font-size:var(--divider-icon-size)}.elementor-widget-divider .elementor-divider-separator{display:flex;margin:0;direction:ltr}.elementor-widget-divider--view-line_icon .elementor-divider-separator,.elementor-widget-divider--view-line_text .elementor-divider-separator{align-items:center}.elementor-widget-divider--view-line_icon .elementor-divider-separator:after,.elementor-widget-divider--view-line_icon .elementor-divider-separator:before,.elementor-widget-divider--view-line_text .elementor-divider-separator:after,.elementor-widget-divider--view-line_text .elementor-divider-separator:before{display:block;content:\"\";border-bottom:0;flex-grow:1;border-top:var(--divider-border-width) var(--divider-border-style) var(--divider-color)}.elementor-widget-divider--element-align-left .elementor-divider .elementor-divider-separator>.elementor-divider__svg:first-of-type{flex-grow:0;flex-shrink:100}.elementor-widget-divider--element-align-left .elementor-divider-separator:before{content:none}.elementor-widget-divider--element-align-left .elementor-divider__element{margin-left:0}.elementor-widget-divider--element-align-right .elementor-divider .elementor-divider-separator>.elementor-divider__svg:last-of-type{flex-grow:0;flex-shrink:100}.elementor-widget-divider--element-align-right .elementor-divider-separator:after{content:none}.elementor-widget-divider--element-align-right .elementor-divider__element{margin-right:0}.elementor-widget-divider:not(.elementor-widget-divider--view-line_text):not(.elementor-widget-divider--view-line_icon) .elementor-divider-separator{border-top:var(--divider-border-width) var(--divider-border-style) var(--divider-color)}.elementor-widget-divider--separator-type-pattern{--divider-border-style:none}.elementor-widget-divider--separator-type-pattern.elementor-widget-divider--view-line .elementor-divider-separator,.elementor-widget-divider--separator-type-pattern:not(.elementor-widget-divider--view-line) .elementor-divider-separator:after,.elementor-widget-divider--separator-type-pattern:not(.elementor-widget-divider--view-line) .elementor-divider-separator:before,.elementor-widget-divider--separator-type-pattern:not([class*=elementor-widget-divider--view]) .elementor-divider-separator{width:100%;min-height:var(--divider-pattern-height);-webkit-mask-size:var(--divider-pattern-size) 100%;mask-size:var(--divider-pattern-size) 100%;-webkit-mask-repeat:var(--divider-pattern-repeat);mask-repeat:var(--divider-pattern-repeat);background-color:var(--divider-color);-webkit-mask-image:var(--divider-pattern-url);mask-image:var(--divider-pattern-url)}.elementor-widget-divider--no-spacing{--divider-pattern-size:auto}.elementor-widget-divider--bg-round{--divider-pattern-repeat:round}.rtl .elementor-widget-divider .elementor-divider__text{direction:rtl}.e-con-inner>.elementor-widget-divider,.e-con>.elementor-widget-divider{width:var(--container-widget-width);--flex-grow:var(--container-widget-flex-grow)}<\/style>\t\t<div class=\"elementor-divider\">\n\t\t\t<span class=\"elementor-divider-separator\">\n\t\t\t\t\t\t\t<div class=\"elementor-icon elementor-divider__element\">\n\t\t\t\t\t<i aria-hidden=\"true\" class=\"far fa-arrow-alt-circle-down\"><\/i><\/div>\n\t\t\t\t\t\t<\/span>\n\t\t<\/div>\n\t\t\t\t<\/div>\n\t\t\t\t<\/div>\n\t\t\t\t\t<\/div>\n\t\t<\/div>\n\t\t\t\t\t\t\t<\/div>\n\t\t<\/section>\n\t\t\t\t<section class=\"elementor-section elementor-top-section elementor-element elementor-element-6c79b3a elementor-section-boxed elementor-section-height-default elementor-section-height-default wpr-particle-no wpr-jarallax-no wpr-parallax-no wpr-sticky-section-no\" data-id=\"6c79b3a\" data-element_type=\"section\">\n\t\t\t\t\t\t<div class=\"elementor-container elementor-column-gap-default\">\n\t\t\t\t\t<div class=\"elementor-column elementor-col-100 elementor-top-column elementor-element elementor-element-8f4bf7a\" data-id=\"8f4bf7a\" data-element_type=\"column\">\n\t\t\t<div class=\"elementor-widget-wrap elementor-element-populated\">\n\t\t\t\t\t\t\t\t<div class=\"elementor-element elementor-element-36a2e5b elementor-widget elementor-widget-text-editor\" data-id=\"36a2e5b\" data-element_type=\"widget\" data-widget_type=\"text-editor.default\">\n\t\t\t\t<div class=\"elementor-widget-container\">\n\t\t\t\t\t\t\t<section class=\"elementor-section elementor-top-section elementor-element elementor-element-3832e25 elementor-section-boxed elementor-section-height-default elementor-section-height-default wpr-particle-no wpr-jarallax-no wpr-parallax-no wpr-sticky-section-no\" data-id=\"3832e25\" data-element_type=\"section\"><div class=\"elementor-container elementor-column-gap-default\"><div class=\"elementor-column elementor-col-100 elementor-top-column elementor-element elementor-element-65f8fab\" data-id=\"65f8fab\" data-element_type=\"column\"><div class=\"elementor-widget-wrap elementor-element-populated\"><div class=\"elementor-element elementor-element-e5bfd32 elementor-widget elementor-widget-heading\" data-id=\"e5bfd32\" data-element_type=\"widget\" data-widget_type=\"heading.default\"><div class=\"elementor-widget-container\"><h5 class=\"elementor-heading-title elementor-size-default\">Adolescentes y las Drogas<\/h5><\/div><\/div><\/div><\/div><\/div><\/section><section class=\"elementor-section elementor-top-section elementor-element elementor-element-cda2b27 elementor-section-boxed elementor-section-height-default elementor-section-height-default wpr-particle-no wpr-jarallax-no wpr-parallax-no wpr-sticky-section-no\" data-id=\"cda2b27\" data-element_type=\"section\"><div class=\"elementor-container elementor-column-gap-default\"><div class=\"elementor-column elementor-col-100 elementor-top-column elementor-element elementor-element-7e4a70a\" data-id=\"7e4a70a\" data-element_type=\"column\"><div class=\"elementor-widget-wrap elementor-element-populated\"><div class=\"elementor-element elementor-element-7fa22cf elementor-widget elementor-widget-text-editor\" data-id=\"7fa22cf\" data-element_type=\"widget\" data-widget_type=\"text-editor.default\"><div class=\"elementor-widget-container\"><p>\u00bfC\u00f3mo saber si su hijo adolescente consume drogas?<br \/>\u00bfC\u00f3mo debo de reaccionar si me entero que mi hijo consume drogas?<br \/>\u00bfC\u00f3mo NO debo de reaccionar si me entero que mi hijo consume drogas?<br \/>\u00bfC\u00f3mo puedo ayudarlo?<br \/>\u00bfC\u00f3mo no lo ayudo?<\/p><p>\u00a0<\/p><p><span style=\"color: #4f177d;\"><strong>\u00bfC\u00f3mo saber si su hijo adolescente consume drogas?<\/strong><\/span><br \/>Hay algunos cambios que pueden observarse en algunos adolescentes que consumen drogas, y que puede orientar a los padres de familia para tomar decisiones y ayudar a su hijo o hija. Pero tenga cuidado en interpretar dichas actitudes. Recuerde que muchos de estos comportamientos pueden tambi\u00e9n deberse al estr\u00e9s que provoca pasar por la etapa de la adolescencia.<br \/>La \u201cClave\u201d es poner atenci\u00f3n precisamente en los cambios de su hijo. Ya sea en su apariencia, en su personalidad, en su actitud o en su conducta, por ejemplo:<br \/>\u00bfTiene menos apetito? \u00bfTiene m\u00e1s apetito? \u00bfHay cambios en sus h\u00e1bitos alimenticios? \u00bfLe cuesta trabajo dormir? \u00bfSe despierta de madrugada? \u00bfTiene los ojos enrojecidos? \u00bfTiene las pupilas dilatadas? \u00bfTiene las manos fr\u00edas y sudorosas? \u00bfLe tiemblan las manos? \u00bfHuele \u201craro\u201d? \u00bfSus notas escolares han bajado? \u00bfTiene muchos cambios de humor? \u00bfHa tenido infecciones de la piel \u00faltimamente? \u00bfUsa gotas para los ojos? \u00bfPrende velas en su cuarto?, \u00bfEst\u00e1 \u201cdemasiado activo\u201d? \u00bfTiene catarro frecuentemente? \u00bfTiene mucho cansancio? \u00bfUtiliza desodorante para el ambiente? \u00bfYa no le interesan las cosas que le interesaban antes? \u00bfHa cambiado de amistades?<br \/>Si usted responde \u201csi\u201d a la mayor\u00eda de estas preguntas, es muy probable que su hijo hija este consumiendo alguna droga y que necesita ayuda.<\/p><p>\u00a0<\/p><p><span style=\"color: #4f177d;\"><strong>\u00bfC\u00f3mo debo de reaccionar si me entero que mi hijo consume drogas?<\/strong><\/span><br \/>Haga frente a la situaci\u00f3n tratando de evitar que los nervios o el enojo provoquen una respuesta negativa, o que el miedo lo paralice.<br \/>Converse con su hijo\/a plateando el asunto con toda claridad, haci\u00e9ndole sentir que usted sabe lo que est\u00e1 ocurriendo.<br \/>Procure con tacto la aceptaci\u00f3n de los derechos y el reconocimiento de los actos cometidos.<br \/>Busque ayuda profesional si sospecha que se trata de una verdadera adicci\u00f3n y no es de consumo ocasional.<br \/>De la oportunidad a su hijo\/a de que exprese su arrepentimiento o las razones que lo impulsaron a consumir drogas.<br \/>Hable con su hijo\/a de lo inaceptable del consumo de drogas ilegales, desde el punto de vista de la salud, de la ley y de la moral.<br \/>La discusi\u00f3n del asunto entre los padres es indispensable, pues ayudara a planear las acciones que habr\u00e1n de tomarse, siempre de acuerdo uno con el otro y as\u00ed es posible que decidan buscar ayuda profesional, pero es conveniente hacerlo despu\u00e9s de hablar con su hijo\/a.<\/p><p>\u00a0<\/p><p><span style=\"color: #4f177d;\"><strong>\u00bfC\u00f3mo NO debo de reaccionar si me entero que mi hijo consume drogas?<\/strong><\/span><br \/>Con angustia, enojo, discutiendo, amenazando, reclamando, desconfiando, transform\u00e1ndose en \u201cvigilante\u201d, \u201cnegando\u201d la realidad.<\/p><p>\u00a0<\/p><p><span style=\"color: #4f177d;\"><strong>\u00bfC\u00f3mo puedo ayudarlo?<\/strong><\/span><br \/>Conversar con \u00e9l (ella) a \u201cfondo\u201d sobre su consumo de drogas: De cuales se trata, que tan seguido las consume, etc. Ayud\u00e1ndolo a tomar la decisi\u00f3n de hablar con sus padres o con otros familiares, ayudarle a encontrar informaci\u00f3n confiable sobre los efectos de la o las droga que consume, Ayudarle en la b\u00fasqueda de atenci\u00f3n especializada si se juzga necesario, Ayudarle o tomar conciencia de que tiene un problema que puede solucionarse con el apoyo adecuado.<\/p><p>\u00a0<\/p><p><span style=\"color: #4f177d;\"><strong>\u00bfC\u00f3mo NO lo ayudo?<\/strong><\/span><br \/>Rechaz\u00e1ndolo\/a por su conducta frente a las drogas. No hablando con los padres de tu amigo\/a sin el consentimiento de este.<\/p><\/div><\/div><\/div><\/div><\/div><\/section>\t\t\t\t\t\t<\/div>\n\t\t\t\t<\/div>\n\t\t\t\t\t<\/div>\n\t\t<\/div>\n\t\t\t\t\t\t\t<\/div>\n\t\t<\/section>\n\t\t\t\t\t\t\t<\/div>\n\t\t","protected":false},"excerpt":{"rendered":"<p>LAS DROGAS Y LA ADICCI\u00d3N \u00bfQu\u00e9 son las drogas?\u00bfQu\u00e9 son las drogas adictivas?\u00bfQu\u00e9 es la adicci\u00f3n?\u00bfSe puede consumir droga de vez en cuando y no convertirse en un adicto?\u00bfCu\u00e1les son las principales consecuencias de las adicciones?\u00bfLas adicciones son enfermedades?\u00bfSe pueden prevenir las adicciones?\u00bfQu\u00e9 problemas adictivos son m\u00e1s frecuentes hoy en d\u00eda?\u00bfPor qu\u00e9 se cae en&hellip; <a class=\"more-link\" href=\"https:\/\/elbohio.enlacetres.com\/index.php\/blog\/\">Segu\u00ed leyendo <span class=\"screen-reader-text\">Blog<\/span><\/a><\/p>\n","protected":false},"author":1,"featured_media":0,"parent":0,"menu_order":0,"comment_status":"closed","ping_status":"closed","template":"elementor_header_footer","meta":{"_joinchat":[],"footnotes":""},"class_list":["post-362","page","type-page","status-publish","hentry","entry"],"_links":{"self":[{"href":"https:\/\/elbohio.enlacetres.com\/index.php\/wp-json\/wp\/v2\/pages\/362","targetHints":{"allow":["GET"]}}],"collection":[{"href":"https:\/\/elbohio.enlacetres.com\/index.php\/wp-json\/wp\/v2\/pages"}],"about":[{"href":"https:\/\/elbohio.enlacetres.com\/index.php\/wp-json\/wp\/v2\/types\/page"}],"author":[{"embeddable":true,"href":"https:\/\/elbohio.enlacetres.com\/index.php\/wp-json\/wp\/v2\/users\/1"}],"replies":[{"embeddable":true,"href":"https:\/\/elbohio.enlacetres.com\/index.php\/wp-json\/wp\/v2\/comments?post=362"}],"version-history":[{"count":25,"href":"https:\/\/elbohio.enlacetres.com\/index.php\/wp-json\/wp\/v2\/pages\/362\/revisions"}],"predecessor-version":[{"id":400,"href":"https:\/\/elbohio.enlacetres.com\/index.php\/wp-json\/wp\/v2\/pages\/362\/revisions\/400"}],"wp:attachment":[{"href":"https:\/\/elbohio.enlacetres.com\/index.php\/wp-json\/wp\/v2\/media?parent=362"}],"curies":[{"name":"wp","href":"https:\/\/api.w.org\/{rel}","templated":true}]}}