{"id":56,"date":"2022-12-22T12:57:41","date_gmt":"2022-12-22T15:57:41","guid":{"rendered":"https:\/\/elbohio.enlacetres.com\/?page_id=56"},"modified":"2022-12-30T10:57:17","modified_gmt":"2022-12-30T13:57:17","slug":"contacto","status":"publish","type":"page","link":"https:\/\/elbohio.enlacetres.com\/index.php\/contacto\/","title":{"rendered":"Contacto"},"content":{"rendered":"\t\t<div data-elementor-type=\"wp-page\" data-elementor-id=\"56\" class=\"elementor elementor-56\">\n\t\t\t\t\t\t\t\t\t<section class=\"elementor-section elementor-top-section elementor-element elementor-element-29af6c8 elementor-section-boxed elementor-section-height-default elementor-section-height-default wpr-particle-no wpr-jarallax-no wpr-parallax-no wpr-sticky-section-no\" data-id=\"29af6c8\" data-element_type=\"section\">\n\t\t\t\t\t\t<div class=\"elementor-container elementor-column-gap-default\">\n\t\t\t\t\t<div class=\"elementor-column elementor-col-50 elementor-top-column elementor-element elementor-element-5e94025\" data-id=\"5e94025\" data-element_type=\"column\" data-settings=\"{&quot;background_background&quot;:&quot;classic&quot;}\">\n\t\t\t<div class=\"elementor-widget-wrap elementor-element-populated\">\n\t\t\t\t\t\t\t\t<div class=\"elementor-element elementor-element-327e39f elementor-widget elementor-widget-text-editor\" data-id=\"327e39f\" data-element_type=\"widget\" data-widget_type=\"text-editor.default\">\n\t\t\t\t<div class=\"elementor-widget-container\">\n\t\t\t<style>\/*! elementor - v3.9.2 - 21-12-2022 *\/\n.elementor-widget-text-editor.elementor-drop-cap-view-stacked .elementor-drop-cap{background-color:#818a91;color:#fff}.elementor-widget-text-editor.elementor-drop-cap-view-framed .elementor-drop-cap{color:#818a91;border:3px solid;background-color:transparent}.elementor-widget-text-editor:not(.elementor-drop-cap-view-default) .elementor-drop-cap{margin-top:8px}.elementor-widget-text-editor:not(.elementor-drop-cap-view-default) .elementor-drop-cap-letter{width:1em;height:1em}.elementor-widget-text-editor .elementor-drop-cap{float:left;text-align:center;line-height:1;font-size:50px}.elementor-widget-text-editor .elementor-drop-cap-letter{display:inline-block}<\/style>\t\t\t\t<p><span style=\"color: #4f177d;\"><strong class=\"txt_contacto\">Telefax<\/strong><\/span><br \/>Consultorios: (0221) 473 0020<br \/>Administraci\u00f3n: (0221) 473 0020<\/p><p><span class=\"txt_contacto\" style=\"background-color: var(--wp--preset--color--base);\"><b style=\"color: #4f177d;\">Email<\/b><span style=\"color: #4f177d;\"><b><br \/><\/b><\/span><\/span><a class=\"link_secciones\" style=\"background-color: var(--wp--preset--color--base);\" href=\"mailto:elbohioasist@hotmail.com\">elbohioasist@hotmail.com<\/a><\/p><p><span class=\"txt_contacto\" style=\"background-color: var(--wp--preset--color--base);\"><b style=\"color: #4f177d;\">Direcci\u00f3n<\/b><span style=\"color: #4f177d;\"><b><br \/><\/b><\/span><\/span><span style=\"color: var( --e-global-color-9fdff0a ); background-color: var(--wp--preset--color--base);\">Av. Centenario 731 | CP: 1894 | Villa Elisa &#8211; La Plata &#8211; Argentina.<\/span><\/p>\t\t\t\t\t\t<\/div>\n\t\t\t\t<\/div>\n\t\t\t\t\t<\/div>\n\t\t<\/div>\n\t\t\t\t<div class=\"elementor-column elementor-col-50 elementor-top-column elementor-element elementor-element-0fa253e\" data-id=\"0fa253e\" data-element_type=\"column\" data-settings=\"{&quot;background_background&quot;:&quot;classic&quot;}\">\n\t\t\t<div class=\"elementor-widget-wrap elementor-element-populated\">\n\t\t\t\t\t\t\t\t<div class=\"elementor-element elementor-element-11d40b7 eael-contact-form-7-button-full-width elementor-widget elementor-widget-eael-contact-form-7\" data-id=\"11d40b7\" data-element_type=\"widget\" data-widget_type=\"eael-contact-form-7.default\">\n\t\t\t\t<div class=\"elementor-widget-container\">\n\t\t\t<div class=\"eael-contact-form-7-wrapper\">\n                <div class=\"eael-contact-form eael-contact-form-7 eael-contact-form-11d40b7 eael-custom-radio-checkbox eael-contact-form-align-center\"><div class=\"wpcf7 no-js\" id=\"wpcf7-f215-o1\" lang=\"es-AR\" dir=\"ltr\">\n<div class=\"screen-reader-response\"><p role=\"status\" aria-live=\"polite\" aria-atomic=\"true\"><\/p> <ul><\/ul><\/div>\n<form action=\"\/index.php\/wp-json\/wp\/v2\/pages\/56#wpcf7-f215-o1\" method=\"post\" class=\"wpcf7-form init\" aria-label=\"Contact form\" novalidate=\"novalidate\" data-status=\"init\">\n<div style=\"display: none;\">\n<input type=\"hidden\" name=\"_wpcf7\" value=\"215\" \/>\n<input type=\"hidden\" name=\"_wpcf7_version\" value=\"5.7.2\" \/>\n<input type=\"hidden\" name=\"_wpcf7_locale\" value=\"es_AR\" \/>\n<input type=\"hidden\" name=\"_wpcf7_unit_tag\" value=\"wpcf7-f215-o1\" \/>\n<input type=\"hidden\" name=\"_wpcf7_container_post\" value=\"0\" \/>\n<input type=\"hidden\" name=\"_wpcf7_posted_data_hash\" value=\"\" \/>\n<\/div>\n<p><label> Tu nombre<br \/>\n<span class=\"wpcf7-form-control-wrap\" data-name=\"Tu\"><input size=\"40\" class=\"wpcf7-form-control wpcf7-text wpcf7-validates-as-required\" autocomplete=\"name\" aria-required=\"true\" aria-invalid=\"false\" value=\"\" type=\"text\" name=\"Tu\" \/><\/span> <\/label><br \/>\n<label> Tu correo electr\u00f3nico<br \/>\n<span class=\"wpcf7-form-control-wrap\" data-name=\"Tu\"><input size=\"40\" class=\"wpcf7-form-control wpcf7-text wpcf7-email wpcf7-validates-as-required wpcf7-validates-as-email\" autocomplete=\"email\" aria-required=\"true\" aria-invalid=\"false\" value=\"\" type=\"email\" name=\"Tu\" \/><\/span> <\/label><br \/>\n<label> Telefono<br \/>\n<span class=\"wpcf7-form-control-wrap\" data-name=\"Telefono\"><input size=\"40\" class=\"wpcf7-form-control wpcf7-text wpcf7-tel wpcf7-validates-as-required wpcf7-validates-as-tel\" aria-required=\"true\" aria-invalid=\"false\" value=\"\" type=\"tel\" name=\"Telefono\" \/><\/span> <\/label><br \/>\n<label> Tu mensaje<br \/>\n<span class=\"wpcf7-form-control-wrap\" data-name=\"Mensaje\"><textarea cols=\"40\" rows=\"10\" class=\"wpcf7-form-control wpcf7-textarea wpcf7-validates-as-required\" aria-required=\"true\" aria-invalid=\"false\" name=\"Mensaje\"><\/textarea><\/span> <\/label>\n<\/p>\n<p><input class=\"wpcf7-form-control has-spinner wpcf7-submit\" type=\"submit\" value=\"Enviar\" \/>\n<\/p><div class=\"wpcf7-response-output\" aria-hidden=\"true\"><\/div><\/form><\/div><\/div>\n            <\/div>\t\t<\/div>\n\t\t\t\t<\/div>\n\t\t\t\t\t<\/div>\n\t\t<\/div>\n\t\t\t\t\t\t\t<\/div>\n\t\t<\/section>\n\t\t\t\t<section class=\"elementor-section elementor-top-section elementor-element elementor-element-0d3f302 elementor-section-boxed elementor-section-height-default elementor-section-height-default wpr-particle-no wpr-jarallax-no wpr-parallax-no wpr-sticky-section-no\" data-id=\"0d3f302\" data-element_type=\"section\">\n\t\t\t\t\t\t<div class=\"elementor-container elementor-column-gap-default\">\n\t\t\t\t\t<div class=\"elementor-column elementor-col-50 elementor-top-column elementor-element elementor-element-b653217\" data-id=\"b653217\" data-element_type=\"column\" data-settings=\"{&quot;background_background&quot;:&quot;classic&quot;}\">\n\t\t\t<div class=\"elementor-widget-wrap elementor-element-populated\">\n\t\t\t\t\t\t\t\t<div class=\"elementor-element elementor-element-31ff7ac elementor-widget elementor-widget-text-editor\" data-id=\"31ff7ac\" data-element_type=\"widget\" data-widget_type=\"text-editor.default\">\n\t\t\t\t<div class=\"elementor-widget-container\">\n\t\t\t\t\t\t\t<p><span style=\"color: #4f177d;\"><span class=\"txt_contacto\"><strong>Como llegar<\/strong><\/span><strong><br \/><\/strong><\/span>Desde Capital Federal, por autopista entrando por Av. Centenario.<br \/>Desde la Ciudad de La Plata, por la salida de La Plata rumbo a Capital Federal.<\/p>\t\t\t\t\t\t<\/div>\n\t\t\t\t<\/div>\n\t\t\t\t\t<\/div>\n\t\t<\/div>\n\t\t\t\t<div class=\"elementor-column elementor-col-50 elementor-top-column elementor-element elementor-element-e3e701d\" data-id=\"e3e701d\" data-element_type=\"column\" data-settings=\"{&quot;background_background&quot;:&quot;classic&quot;}\">\n\t\t\t<div class=\"elementor-widget-wrap elementor-element-populated\">\n\t\t\t\t\t\t\t\t<div class=\"elementor-element elementor-element-21cd6c2 elementor-widget elementor-widget-text-editor\" data-id=\"21cd6c2\" data-element_type=\"widget\" data-widget_type=\"text-editor.default\">\n\t\t\t\t<div class=\"elementor-widget-container\">\n\t\t\t\t\t\t\t<p><strong><span style=\"color: #4f177d;\">Nuestra ubicaci\u00f3n<\/span><br \/><\/strong><\/p>\t\t\t\t\t\t<\/div>\n\t\t\t\t<\/div>\n\t\t\t\t<div class=\"elementor-element elementor-element-a4b7bf0 elementor-widget elementor-widget-text-editor\" data-id=\"a4b7bf0\" data-element_type=\"widget\" data-widget_type=\"text-editor.default\">\n\t\t\t\t<div class=\"elementor-widget-container\">\n\t\t\t\t\t\t\t<iframe loading=\"lazy\" src=\"https:\/\/www.google.com\/maps\/embed?pb=!1m14!1m8!1m3!1d13096.300296972413!2d-58.0769417!3d-34.8543409!3m2!1i1024!2i768!4f13.1!3m3!1m2!1s0x0%3A0xfaa4326eaef547c3!2sEl%20Bohio!5e0!3m2!1ses-419!2sar!4v1583497587266!5m2!1ses-419!2sar\" width=\"550\" height=\"350\" frameborder=\"0\" style=\"border:0;\" allowfullscreen=\"\"><\/iframe>\t\t\t\t\t\t<\/div>\n\t\t\t\t<\/div>\n\t\t\t\t\t<\/div>\n\t\t<\/div>\n\t\t\t\t\t\t\t<\/div>\n\t\t<\/section>\n\t\t\t\t\t\t\t<\/div>\n\t\t","protected":false},"excerpt":{"rendered":"<p>TelefaxConsultorios: (0221) 473 0020Administraci\u00f3n: (0221) 473 0020 Emailelbohioasist@hotmail.com Direcci\u00f3nAv. Centenario 731 | CP: 1894 | Villa Elisa &#8211; La Plata &#8211; Argentina. Tu nombre Tu correo electr\u00f3nico Telefono Tu mensaje Como llegarDesde Capital Federal, por autopista entrando por Av. Centenario.Desde la Ciudad de La Plata, por la salida de La Plata rumbo a Capital Federal.&hellip; <a class=\"more-link\" href=\"https:\/\/elbohio.enlacetres.com\/index.php\/contacto\/\">Segu\u00ed leyendo <span class=\"screen-reader-text\">Contacto<\/span><\/a><\/p>\n","protected":false},"author":1,"featured_media":0,"parent":0,"menu_order":0,"comment_status":"closed","ping_status":"closed","template":"elementor_header_footer","meta":{"_joinchat":[],"footnotes":""},"class_list":["post-56","page","type-page","status-publish","hentry","entry"],"_links":{"self":[{"href":"https:\/\/elbohio.enlacetres.com\/index.php\/wp-json\/wp\/v2\/pages\/56","targetHints":{"allow":["GET"]}}],"collection":[{"href":"https:\/\/elbohio.enlacetres.com\/index.php\/wp-json\/wp\/v2\/pages"}],"about":[{"href":"https:\/\/elbohio.enlacetres.com\/index.php\/wp-json\/wp\/v2\/types\/page"}],"author":[{"embeddable":true,"href":"https:\/\/elbohio.enlacetres.com\/index.php\/wp-json\/wp\/v2\/users\/1"}],"replies":[{"embeddable":true,"href":"https:\/\/elbohio.enlacetres.com\/index.php\/wp-json\/wp\/v2\/comments?post=56"}],"version-history":[{"count":40,"href":"https:\/\/elbohio.enlacetres.com\/index.php\/wp-json\/wp\/v2\/pages\/56\/revisions"}],"predecessor-version":[{"id":240,"href":"https:\/\/elbohio.enlacetres.com\/index.php\/wp-json\/wp\/v2\/pages\/56\/revisions\/240"}],"wp:attachment":[{"href":"https:\/\/elbohio.enlacetres.com\/index.php\/wp-json\/wp\/v2\/media?parent=56"}],"curies":[{"name":"wp","href":"https:\/\/api.w.org\/{rel}","templated":true}]}}